{"id":3274,"date":"2024-06-19T14:36:04","date_gmt":"2024-06-19T12:36:04","guid":{"rendered":"https:\/\/www.sabala.sk\/?page_id=3274"},"modified":"2024-07-13T17:13:29","modified_gmt":"2024-07-13T15:13:29","slug":"volne-terminy","status":"publish","type":"page","link":"https:\/\/www.sabala.sk\/en\/volne-terminy\/","title":{"rendered":"Occupancy calendars"},"content":{"rendered":"<h2>\n\t\tPlease, send us your reservation and we will contact you<br \/>\n\t<\/h2>\n<h2>\n\t\tSabala 1 &#8211; vo\u013en\u00e9 term\u00edny (bielou)<br \/>\n\t<\/h2>\n<h2>\n\t\tSabala 2 &#8211; vo\u013en\u00e9 term\u00edny (bielou)<br \/>\n\t<\/h2>\n<h2>\n\t\tSabala 3 &#8211; vo\u013en\u00e9 term\u00edny (bielou)<br \/>\n\t<\/h2>","protected":false},"excerpt":{"rendered":"<p>Vyberte si term\u00edn ni\u017e\u0161ie zobrazen\u00fdch vo\u013en\u00fdch term\u00ednov na jednotliv\u00fdch chat\u00e1ch, alebo n\u00e1m za\u0161lite kontaktn\u00fd formul\u00e1r a my V\u00e1s budeme kontaktova\u0165 Sabala 1 &#8211; vo\u013en\u00e9 term\u00edny (bielou) Sabala 2 &#8211; vo\u013en\u00e9 term\u00edny (bielou) Sabala 3 &#8211; vo\u013en\u00e9 term\u00edny (bielou)<\/p>","protected":false},"author":1,"featured_media":0,"parent":0,"menu_order":0,"comment_status":"closed","ping_status":"closed","template":"","meta":{"site-sidebar-layout":"no-sidebar","site-content-layout":"page-builder","ast-site-content-layout":"default","site-content-style":"default","site-sidebar-style":"default","ast-global-header-display":"","ast-banner-title-visibility":"","ast-main-header-display":"","ast-hfb-above-header-display":"","ast-hfb-below-header-display":"","ast-hfb-mobile-header-display":"","site-post-title":"disabled","ast-breadcrumbs-content":"","ast-featured-img":"disabled","footer-sml-layout":"","ast-disable-related-posts":"","theme-transparent-header-meta":"default","adv-header-id-meta":"","stick-header-meta":"","header-above-stick-meta":"","header-main-stick-meta":"","header-below-stick-meta":"","astra-migrate-meta-layouts":"set","ast-page-background-enabled":"default","ast-page-background-meta":{"desktop":{"background-color":"","background-image":"","background-repeat":"repeat","background-position":"center center","background-size":"auto","background-attachment":"scroll","background-type":"","background-media":"","overlay-type":"","overlay-color":"","overlay-opacity":"","overlay-gradient":""},"tablet":{"background-color":"","background-image":"","background-repeat":"repeat","background-position":"center center","background-size":"auto","background-attachment":"scroll","background-type":"","background-media":"","overlay-type":"","overlay-color":"","overlay-opacity":"","overlay-gradient":""},"mobile":{"background-color":"","background-image":"","background-repeat":"repeat","background-position":"center center","background-size":"auto","background-attachment":"scroll","background-type":"","background-media":"","overlay-type":"","overlay-color":"","overlay-opacity":"","overlay-gradient":""}},"ast-content-background-meta":{"desktop":{"background-color":"var(--ast-global-color-5)","background-image":"","background-repeat":"repeat","background-position":"center center","background-size":"auto","background-attachment":"scroll","background-type":"","background-media":"","overlay-type":"","overlay-color":"","overlay-opacity":"","overlay-gradient":""},"tablet":{"background-color":"var(--ast-global-color-5)","background-image":"","background-repeat":"repeat","background-position":"center center","background-size":"auto","background-attachment":"scroll","background-type":"","background-media":"","overlay-type":"","overlay-color":"","overlay-opacity":"","overlay-gradient":""},"mobile":{"background-color":"var(--ast-global-color-5)","background-image":"","background-repeat":"repeat","background-position":"center center","background-size":"auto","background-attachment":"scroll","background-type":"","background-media":"","overlay-type":"","overlay-color":"","overlay-opacity":"","overlay-gradient":""}},"two_page_speed":[],"footnotes":""},"class_list":["post-3274","page","type-page","status-publish","hentry"],"_links":{"self":[{"href":"https:\/\/www.sabala.sk\/en\/wp-json\/wp\/v2\/pages\/3274","targetHints":{"allow":["GET"]}}],"collection":[{"href":"https:\/\/www.sabala.sk\/en\/wp-json\/wp\/v2\/pages"}],"about":[{"href":"https:\/\/www.sabala.sk\/en\/wp-json\/wp\/v2\/types\/page"}],"author":[{"embeddable":true,"href":"https:\/\/www.sabala.sk\/en\/wp-json\/wp\/v2\/users\/1"}],"replies":[{"embeddable":true,"href":"https:\/\/www.sabala.sk\/en\/wp-json\/wp\/v2\/comments?post=3274"}],"version-history":[{"count":6,"href":"https:\/\/www.sabala.sk\/en\/wp-json\/wp\/v2\/pages\/3274\/revisions"}],"predecessor-version":[{"id":3291,"href":"https:\/\/www.sabala.sk\/en\/wp-json\/wp\/v2\/pages\/3274\/revisions\/3291"}],"wp:attachment":[{"href":"https:\/\/www.sabala.sk\/en\/wp-json\/wp\/v2\/media?parent=3274"}],"curies":[{"name":"wp","href":"https:\/\/api.w.org\/{rel}","templated":true}]}}