{"id":95,"date":"2018-06-18T06:57:36","date_gmt":"2018-06-18T06:57:36","guid":{"rendered":"https:\/\/www.sabala.sk\/index.php\/home-2\/"},"modified":"2025-08-29T06:51:03","modified_gmt":"2025-08-29T04:51:03","slug":"home-2","status":"publish","type":"page","link":"https:\/\/www.sabala.sk\/en\/","title":{"rendered":"Home"},"content":{"rendered":"<h1>\n\t\t\tHoliday House Sabala\t<\/h1>\n\t<p>Welcome to the High Tatras<\/p>\n\t<p>Holiday houses SABALA 1, 2 and 3 are located in the recreation area near the village of Star\u00e1 Lesn\u00e1 in the High Tatras, only 10 km from the town of Poprad with beautiful architecture and with the panorama of the High Tatras in the background.<\/p>\n<h2>\n\t\t\tChoose a cottage according to your wishes\t<\/h2>\n<h2>\n\t\t<a href=\"https:\/\/www.sabala.sk\/en\/sabala-1\/\" title=\"Sabala 1\"  target=\"_self\">\n\t\t\tSabala 1\t\t<\/a>\n\t<\/h2>\n\t\t\t\t<a href=\"https:\/\/www.sabala.sk\/en\/sabala-1\/\"  target=\"_self\" itemprop=\"url\">\n\t\t\t\t<img decoding=\"async\" src=\"https:\/\/www.sabala.sk\/wp-content\/uploads\/2024\/04\/S1-titulka.jpg\" alt=\"S1 titulka\" itemprop=\"image\" height=\"498\" width=\"1024\" title=\"S1 titulka\" onerror=\"this.style.display='none'\" loading=\"lazy\" \/>\n\t\t\t\t<\/a>\n\t\t\t<a href=\"https:\/\/www.sabala.sk\/en\/sabala-1\/\" target=\"_self\">\n\t\t\t\t\t\t\tMore info and reservation\n\t\t\t\t\t<\/a>\n<h2>\n\t\t<a href=\"https:\/\/www.sabala.sk\/en\/sabala-2\/\" title=\"Sabala 2\"  target=\"_self\">\n\t\t\tSabala 2\t\t<\/a>\n\t<\/h2>\n\t\t\t\t<a href=\"https:\/\/www.sabala.sk\/en\/sabala-2\/\"  target=\"_self\" itemprop=\"url\">\n\t\t\t\t<img decoding=\"async\" src=\"https:\/\/www.sabala.sk\/wp-content\/uploads\/2023\/06\/sabala2_1.jpg\" alt=\"sabala2_1\" itemprop=\"image\" height=\"684\" width=\"1024\" title=\"sabala2_1\" onerror=\"this.style.display='none'\" loading=\"lazy\" \/>\n\t\t\t\t<\/a>\n\t\t\t<a href=\"https:\/\/www.sabala.sk\/en\/sabala-2\/\" target=\"_self\">\n\t\t\t\t\t\t\tMore info and reservation\n\t\t\t\t\t<\/a>\n<h2>\n\t\t<a href=\"https:\/\/www.sabala.sk\/en\/sabala-3\/\" title=\"Sabala 3\"  target=\"_self\">\n\t\t\tSabala 3\t\t<\/a>\n\t<\/h2>\n\t\t\t\t<a href=\"https:\/\/www.sabala.sk\/en\/sabala-3\/\"  target=\"_self\" itemprop=\"url\">\n\t\t\t\t<img decoding=\"async\" src=\"https:\/\/www.sabala.sk\/wp-content\/uploads\/2024\/04\/3-scaled.jpg\" alt=\"3\" itemprop=\"image\" height=\"2560\" width=\"1920\" title=\"3\" onerror=\"this.style.display='none'\" loading=\"lazy\" \/>\n\t\t\t\t<\/a>\n\t\t\t<a href=\"https:\/\/www.sabala.sk\/en\/sabala-3\/\" target=\"_self\">\n\t\t\t\t\t\t\tMore info and reservation\n\t\t\t\t\t<\/a>\n<h2>\n\t\t\tSend us a message and we will contact you\t<\/h2>\n\t<div class=\"wpforms-container wpforms-render-modern\" id=\"wpforms-3004\"><form id=\"wpforms-form-3004\" class=\"wpforms-validate wpforms-form wpforms-ajax-form\" data-formid=\"3004\" method=\"post\" enctype=\"multipart\/form-data\" action=\"\/en\/wp-json\/wp\/v2\/pages\/95\" data-token=\"a9c15062ea1a6362552413aa3c4bf731\" data-token-time=\"1777884061\" data-trp-original-action=\"\/en\/wp-json\/wp\/v2\/pages\/95\"><noscript class=\"wpforms-error-noscript\">Please enable JavaScript in your browser to complete this form.<\/noscript><div id=\"wpforms-error-noscript\" style=\"display: none;\">Please enable JavaScript in your browser to complete this form.<\/div><div class=\"wpforms-field-container\"><div id=\"wpforms-3004-field_4-container\" class=\"wpforms-field wpforms-field-text\" data-field-id=\"4\"><label class=\"wpforms-field-label\" for=\"wpforms-3004-field_4\">Name &amp; surname <span class=\"wpforms-required-label\" aria-hidden=\"true\">*<\/span><\/label><input type=\"text\" id=\"wpforms-3004-field_4\" class=\"wpforms-field-medium wpforms-field-required\" name=\"wpforms[fields][4]\" aria-errormessage=\"wpforms-3004-field_4-error\" required><\/div><div id=\"wpforms-3004-field_1-container\" class=\"wpforms-field wpforms-field-email\" data-field-id=\"1\"><label class=\"wpforms-field-label\" for=\"wpforms-3004-field_1\">Email <span class=\"wpforms-required-label\" aria-hidden=\"true\">*<\/span><\/label><input type=\"email\" id=\"wpforms-3004-field_1\" class=\"wpforms-field-medium wpforms-field-required\" name=\"wpforms[fields][1]\" spellcheck=\"false\" aria-errormessage=\"wpforms-3004-field_1-error\" required><\/div><div id=\"wpforms-3004-field_3-container\" class=\"wpforms-field wpforms-field-text\" data-field-id=\"3\"><label class=\"wpforms-field-label\" for=\"wpforms-3004-field_3\">Mobile<\/label><input type=\"text\" id=\"wpforms-3004-field_3\" class=\"wpforms-field-medium\" name=\"wpforms[fields][3]\" aria-errormessage=\"wpforms-3004-field_3-error\" ><\/div><div id=\"wpforms-3004-field_2-container\" class=\"wpforms-field wpforms-field-textarea\" data-field-id=\"2\"><label class=\"wpforms-field-label\" for=\"wpforms-3004-field_2\">Your message<\/label><textarea id=\"wpforms-3004-field_2\" class=\"wpforms-field-medium\" name=\"wpforms[fields][2]\" placeholder=\"Zadajte V\u00e1\u0161 dotaz\" aria-errormessage=\"wpforms-3004-field_2-error\" ><\/textarea><\/div><\/div><!-- .wpforms-field-container --><div class=\"wpforms-recaptcha-container wpforms-is-recaptcha wpforms-is-recaptcha-type-v3\" ><input type=\"hidden\" name=\"wpforms[recaptcha]\" value=\"\"><\/div><div class=\"wpforms-submit-container\" ><input type=\"hidden\" name=\"wpforms[id]\" value=\"3004\"><input type=\"hidden\" name=\"page_title\" value=\"\"><input type=\"hidden\" name=\"page_url\" value=\"https:\/\/www.sabala.sk\/en\/wp-json\/wp\/v2\/pages\/95\"><input type=\"hidden\" name=\"url_referer\" value=\"\"><button type=\"submit\" name=\"wpforms[submit]\" id=\"wpforms-submit-3004\" class=\"wpforms-submit\" data-alt-text=\"Sending...\" data-submit-text=\"Submit\" aria-live=\"assertive\" value=\"wpforms-submit\">Submit<\/button><img loading=\"lazy\" decoding=\"async\" src=\"https:\/\/www.sabala.sk\/wp-content\/plugins\/wpforms-lite\/assets\/images\/submit-spin.svg\" class=\"wpforms-submit-spinner\" style=\"display: none;\" width=\"26\" height=\"26\" alt=\"Loading\"><\/div><input type=\"hidden\" name=\"trp-form-language\" value=\"en\"\/><\/form><\/div>  <!-- .wpforms-container -->\n<h2>\n\t\t\t<strong>Our tips for your trips :-)<\/strong><br \/>\t<\/h2>\n\t<p>Are you a strong hiker or are you just getting to know the High Tatras? Is it sunny or is it raining? Whereyou can go with small children? Where can you eat deliciously and at a reasonable price?<\/p>\n<p>Choose from this rich offer of trips and experiences!<\/p>\n\t\t\t<a href=\"https:\/\/www.sabala.sk\/en\/tipy\/\" target=\"_self\">\n\t\t\t\t\t\t\tTips for trips\n\t\t\t<\/a>","protected":false},"excerpt":{"rendered":"<p>Holiday House Sabala Vitajte vo Vysok\u00fdch Tatr\u00e1ch Dovolenkov\u00e9 domy SABALA 1, 2 a 3 sa nach\u00e1dzaj\u00fa v rekrea\u010dnej oblasti pri obci Star\u00e1 Lesn\u00e1 vo Vysok\u00fdch Tatr\u00e1ch, len 10 km od mesta Poprad. Ich vonkaj\u0161\u00ed vzh\u013ead vych\u00e1dza z tradi\u010dnej tatranskej architekt\u00fary, pri\u010dom interi\u00e9r je zariaden\u00fd v modernom \u0161t\u00fdle. Are\u00e1l, v ktorom sa dom\u010deky nach\u00e1dzaj\u00fa, vytv\u00e1ra svojou [&hellip;]<\/p>","protected":false},"author":1,"featured_media":0,"parent":0,"menu_order":0,"comment_status":"closed","ping_status":"closed","template":"","meta":{"site-sidebar-layout":"no-sidebar","site-content-layout":"page-builder","ast-site-content-layout":"full-width-container","site-content-style":"unboxed","site-sidebar-style":"unboxed","ast-global-header-display":"","ast-banner-title-visibility":"","ast-main-header-display":"","ast-hfb-above-header-display":"","ast-hfb-below-header-display":"","ast-hfb-mobile-header-display":"","site-post-title":"disabled","ast-breadcrumbs-content":"","ast-featured-img":"disabled","footer-sml-layout":"","ast-disable-related-posts":"","theme-transparent-header-meta":"enabled","adv-header-id-meta":"","stick-header-meta":"","header-above-stick-meta":"","header-main-stick-meta":"","header-below-stick-meta":"","astra-migrate-meta-layouts":"set","ast-page-background-enabled":"default","ast-page-background-meta":{"desktop":{"background-color":"","background-image":"","background-repeat":"repeat","background-position":"center center","background-size":"auto","background-attachment":"scroll","background-type":"","background-media":"","overlay-type":"","overlay-color":"","overlay-opacity":"","overlay-gradient":""},"tablet":{"background-color":"","background-image":"","background-repeat":"repeat","background-position":"center center","background-size":"auto","background-attachment":"scroll","background-type":"","background-media":"","overlay-type":"","overlay-color":"","overlay-opacity":"","overlay-gradient":""},"mobile":{"background-color":"","background-image":"","background-repeat":"repeat","background-position":"center center","background-size":"auto","background-attachment":"scroll","background-type":"","background-media":"","overlay-type":"","overlay-color":"","overlay-opacity":"","overlay-gradient":""}},"ast-content-background-meta":{"desktop":{"background-color":"var(--ast-global-color-5)","background-image":"","background-repeat":"repeat","background-position":"center center","background-size":"auto","background-attachment":"scroll","background-type":"","background-media":"","overlay-type":"","overlay-color":"","overlay-opacity":"","overlay-gradient":""},"tablet":{"background-color":"var(--ast-global-color-5)","background-image":"","background-repeat":"repeat","background-position":"center center","background-size":"auto","background-attachment":"scroll","background-type":"","background-media":"","overlay-type":"","overlay-color":"","overlay-opacity":"","overlay-gradient":""},"mobile":{"background-color":"var(--ast-global-color-5)","background-image":"","background-repeat":"repeat","background-position":"center center","background-size":"auto","background-attachment":"scroll","background-type":"","background-media":"","overlay-type":"","overlay-color":"","overlay-opacity":"","overlay-gradient":""}},"two_page_speed":[],"footnotes":""},"class_list":["post-95","page","type-page","status-publish","hentry"],"_links":{"self":[{"href":"https:\/\/www.sabala.sk\/en\/wp-json\/wp\/v2\/pages\/95","targetHints":{"allow":["GET"]}}],"collection":[{"href":"https:\/\/www.sabala.sk\/en\/wp-json\/wp\/v2\/pages"}],"about":[{"href":"https:\/\/www.sabala.sk\/en\/wp-json\/wp\/v2\/types\/page"}],"author":[{"embeddable":true,"href":"https:\/\/www.sabala.sk\/en\/wp-json\/wp\/v2\/users\/1"}],"replies":[{"embeddable":true,"href":"https:\/\/www.sabala.sk\/en\/wp-json\/wp\/v2\/comments?post=95"}],"version-history":[{"count":95,"href":"https:\/\/www.sabala.sk\/en\/wp-json\/wp\/v2\/pages\/95\/revisions"}],"predecessor-version":[{"id":3315,"href":"https:\/\/www.sabala.sk\/en\/wp-json\/wp\/v2\/pages\/95\/revisions\/3315"}],"wp:attachment":[{"href":"https:\/\/www.sabala.sk\/en\/wp-json\/wp\/v2\/media?parent=95"}],"curies":[{"name":"wp","href":"https:\/\/api.w.org\/{rel}","templated":true}]}}